{"id":411,"date":"2020-03-09T10:36:06","date_gmt":"2020-03-09T13:36:06","guid":{"rendered":"http:\/\/higashi.com.br\/site\/?page_id=411"},"modified":"2020-03-13T16:33:26","modified_gmt":"2020-03-13T19:33:26","slug":"propriedade-intelectual","status":"publish","type":"page","link":"https:\/\/higashi.com.br\/site\/propriedade-intelectual\/","title":{"rendered":"Propriedade Intelectual"},"content":{"rendered":"<p style=\"margin: 0cm; margin-bottom: .0001pt; text-align: justify; line-height: 150%;\">Mercados cativantes como o Brasil atraem os investidores e, infelizmente, a pirataria. Proteger os seus bens intelectuais \u00e9 vital, mas pode ser complexo. Marcas devem ser devidamente registradas em cada jurisdi\u00e7\u00e3o e formas de abordagem podem diferir. Prote\u00e7\u00e3o \u00e9 concedida ao primeiro a registrar e n\u00e3o por m\u00e9rito. Seus produtos competem com mercadorias contrabandeadas e do mercado paralelo, que facilmente atravessam a fronteira paraguaia.<\/p>\n<p style=\"text-align: justify; line-height: 150%;\">Marcas brasileiras precisam de prote\u00e7\u00e3o semelhante no exterior. Furto de patentes de produtos relacionados \u00e0 biotecnologia e agricultura na Amaz\u00f4nia est\u00e1 gradativamente mais agressivo. Lit\u00edgios similares, ambientais e quest\u00f5es referentes a impostos, que podem proporcionar uma vantagem competitiva ou coloc\u00e1-lo em risco.<\/p>\n<p style=\"text-align: justify; line-height: 150%;\">Podemos ajud\u00e1-lo a administrar estrategicamente seus bens de propriedade intelectual para gerar maior lucro a menor risco.<\/p>\n<div align=\"center\">&nbsp;<\/div>\n<div align=\"center\">&nbsp;<\/div>\n<div align=\"center\">FALE COM UM ADVOGADO<\/div>\n<div align=\"center\">&nbsp;<\/div>\n<div align=\"center\">\n<div class=\"wpcf7 no-js\" id=\"wpcf7-f96-o1\" lang=\"en-US\" dir=\"ltr\" data-wpcf7-id=\"96\">\n<div class=\"screen-reader-response\"><p role=\"status\" aria-live=\"polite\" aria-atomic=\"true\"><\/p> <ul><\/ul><\/div>\n<form action=\"\/site\/wp-json\/wp\/v2\/pages\/411#wpcf7-f96-o1\" method=\"post\" class=\"wpcf7-form init\" aria-label=\"Contact form\" novalidate=\"novalidate\" data-status=\"init\">\n<div style=\"display: none;\">\n<input type=\"hidden\" name=\"_wpcf7\" value=\"96\" \/>\n<input type=\"hidden\" name=\"_wpcf7_version\" value=\"6.0.6\" \/>\n<input type=\"hidden\" name=\"_wpcf7_locale\" value=\"en_US\" \/>\n<input type=\"hidden\" name=\"_wpcf7_unit_tag\" value=\"wpcf7-f96-o1\" \/>\n<input type=\"hidden\" name=\"_wpcf7_container_post\" value=\"0\" \/>\n<input type=\"hidden\" name=\"_wpcf7_posted_data_hash\" value=\"\" \/>\n<\/div>\n<div class=\"col-sm-4 col-md-4 col-lg-4\">\n\t<p><span class=\"wpcf7-form-control-wrap\" data-name=\"your-name\"><input size=\"40\" maxlength=\"400\" class=\"wpcf7-form-control wpcf7-text wpcf7-validates-as-required\" aria-required=\"true\" aria-invalid=\"false\" placeholder=\"Nome\" value=\"\" type=\"text\" name=\"your-name\" \/><\/span>\n\t<\/p>\n<\/div>\n<div class=\"col-sm-4 col-md-4 col-lg-4\">\n\t<p><span class=\"wpcf7-form-control-wrap\" data-name=\"your-email\"><input size=\"40\" maxlength=\"400\" class=\"wpcf7-form-control wpcf7-email wpcf7-validates-as-required wpcf7-text wpcf7-validates-as-email\" aria-required=\"true\" aria-invalid=\"false\" placeholder=\"E-mail\" value=\"\" type=\"email\" name=\"your-email\" \/><\/span>\n\t<\/p>\n<\/div>\n<div class=\"col-sm-4 col-md-4 col-lg-4\">\n\t<p><span class=\"wpcf7-form-control-wrap\" data-name=\"your-subject\"><input size=\"40\" maxlength=\"400\" class=\"wpcf7-form-control wpcf7-text\" aria-invalid=\"false\" placeholder=\"Assunto\" value=\"\" type=\"text\" name=\"your-subject\" \/><\/span>\n\t<\/p>\n<\/div>\n<div class=\"make-space\">\n\t<p><span class=\"wpcf7-form-control-wrap\" data-name=\"your-message\"><textarea cols=\"40\" rows=\"10\" maxlength=\"2000\" class=\"wpcf7-form-control wpcf7-textarea wpcf7-validates-as-required\" aria-required=\"true\" aria-invalid=\"false\" placeholder=\"Mensagem\" name=\"your-message\"><\/textarea><\/span>\n\t<\/p>\n<\/div>\n<div>\n\t<p><input class=\"wpcf7-form-control wpcf7-submit has-spinner\" type=\"submit\" value=\"Entrar em Contato\" \/>\n\t<\/p>\n<\/div><div class=\"wpcf7-response-output\" aria-hidden=\"true\"><\/div>\n<\/form>\n<\/div>\n<\/div>\n","protected":false},"excerpt":{"rendered":"<p>Mercados cativantes como o Brasil atraem os investidores e, infelizmente, a pirataria. Proteger os seus bens intelectuais \u00e9 vital, mas pode ser complexo. Marcas devem ser devidamente registradas em cada jurisdi\u00e7\u00e3o e formas de abordagem podem diferir. Prote\u00e7\u00e3o \u00e9 concedida ao primeiro a registrar e n\u00e3o por m\u00e9rito. Seus produtos competem com mercadorias contrabandeadas e..<\/p>\n","protected":false},"author":1,"featured_media":0,"parent":0,"menu_order":0,"comment_status":"closed","ping_status":"closed","template":"","meta":{"_joinchat":[],"footnotes":"","_links_to":"","_links_to_target":""},"class_list":["post-411","page","type-page","status-publish","hentry"],"_links":{"self":[{"href":"https:\/\/higashi.com.br\/site\/wp-json\/wp\/v2\/pages\/411","targetHints":{"allow":["GET"]}}],"collection":[{"href":"https:\/\/higashi.com.br\/site\/wp-json\/wp\/v2\/pages"}],"about":[{"href":"https:\/\/higashi.com.br\/site\/wp-json\/wp\/v2\/types\/page"}],"author":[{"embeddable":true,"href":"https:\/\/higashi.com.br\/site\/wp-json\/wp\/v2\/users\/1"}],"replies":[{"embeddable":true,"href":"https:\/\/higashi.com.br\/site\/wp-json\/wp\/v2\/comments?post=411"}],"version-history":[{"count":4,"href":"https:\/\/higashi.com.br\/site\/wp-json\/wp\/v2\/pages\/411\/revisions"}],"predecessor-version":[{"id":484,"href":"https:\/\/higashi.com.br\/site\/wp-json\/wp\/v2\/pages\/411\/revisions\/484"}],"wp:attachment":[{"href":"https:\/\/higashi.com.br\/site\/wp-json\/wp\/v2\/media?parent=411"}],"curies":[{"name":"wp","href":"https:\/\/api.w.org\/{rel}","templated":true}]}}