{"id":395,"date":"2020-03-05T22:49:39","date_gmt":"2020-03-06T01:49:39","guid":{"rendered":"http:\/\/higashi.com.br\/site\/?page_id=395"},"modified":"2020-03-13T16:32:36","modified_gmt":"2020-03-13T19:32:36","slug":"gestao-patrimonial-familia-e-sucessoes","status":"publish","type":"page","link":"https:\/\/higashi.com.br\/site\/gestao-patrimonial-familia-e-sucessoes\/","title":{"rendered":"Gest\u00e3o patrimonial, fam\u00edlia e sucess\u00f5es"},"content":{"rendered":"<p>Avalia\u00e7\u00e3o da situa\u00e7\u00e3o patrimonial frente a atos passados e projetos futuros;<\/p>\n<ul>\n<li>Sugest\u00e3o de alternativas para ado\u00e7\u00e3o de novas estruturas jur\u00eddicas que envolvam governan\u00e7a familiar ou corporativa;<\/li>\n<li>Implementa\u00e7\u00e3o de estruturas que gerem mais efici\u00eancia sob todos os aspectos legais ao patrim\u00f4nio das pessoas f\u00edsicas;<\/li>\n<li>Aconselhamento acerca da ado\u00e7\u00e3o de determinadas cautelas, previamente ao fechamento de neg\u00f3cio ou transa\u00e7\u00e3o.<\/li>\n<\/ul>\n<p><strong>Aspectos societ\u00e1rios<\/strong><\/p>\n<ul>\n<li>Consultoria sobre conveni\u00eancia de reorganiza\u00e7\u00e3o societ\u00e1ria (cis\u00e3o, incorpora\u00e7\u00e3o e transforma\u00e7\u00e3o) de sociedades de controle familiar para fins sucess\u00f3rios, planejamento tribut\u00e1rio ou de organiza\u00e7\u00e3o de ativos;<\/li>\n<li>Consultoria sobre constitui\u00e7\u00e3o de (i) ve\u00edculos de investimento, e (ii) sociedades que concentrem a propriedade de im\u00f3veis ou sociedades operacionais (holdings)<\/li>\n<li>Elabora\u00e7\u00e3o de acordos de acionistas ou quotistas para regular a rela\u00e7\u00e3o entre os s\u00f3cios no tocante a delibera\u00e7\u00f5es, elei\u00e7\u00e3o de administradores e cess\u00e3o de a\u00e7\u00f5es\/quotas, direitos de prefer\u00eancia e de op\u00e7\u00e3o de compra ou de venda.<\/li>\n<\/ul>\n<p><strong>Aspectos de direito de fam\u00edlia e sucess\u00f5es<\/strong><\/p>\n<ul>\n<li>Elabora\u00e7\u00e3o de pactos antenupciais, contratos de uni\u00e3o est\u00e1vel, distratos e institui\u00e7\u00e3o de bem de fam\u00edlia;<\/li>\n<li>Elabora\u00e7\u00e3o de testamentos em conson\u00e2ncia com eventuais atos societ\u00e1rios, caso a fam\u00edlia seja titular de participa\u00e7\u00f5es em sociedade operacional ou <em>holding<\/em>;Elabora\u00e7\u00e3o de atas notariais ou escrituras de declara\u00e7\u00e3o acerca de eventual situa\u00e7\u00e3o de incapacidade ou nomea\u00e7\u00e3o de curador;\u2022 An\u00e1lise sobre a conveni\u00eancia de doa\u00e7\u00e3o de nua-propriedade ou institui\u00e7\u00e3o de usufruto sobre im\u00f3veis ou participa\u00e7\u00f5es societ\u00e1rias;\u2022 Na esfera judicial, altera\u00e7\u00e3o de regime de bens do casamento.<\/li>\n<li>Elabora\u00e7\u00e3o de invent\u00e1rios judiciais e extrajudiciais;<\/li>\n<li>Elabora\u00e7\u00e3o de div\u00f3rcios.<\/li>\n<\/ul>\n<p><strong>Aspectos tribut\u00e1rios e regulat\u00f3rios<\/strong><\/p>\n<p>\u2022 An\u00e1lise da situa\u00e7\u00e3o da fam\u00edlia, no tocante a imposto de renda e outros impostos, a fim de propor eventual estrutura que, de acordo com a lei, possa conferir efici\u00eancia tribut\u00e1ria em rela\u00e7\u00e3o \u00e0 receita gerada pelos bens e ativos que componham o patrim\u00f4nio familiar;<\/p>\n<p>\u2022 Assessoria para recolhimento do Imposto de Transmiss\u00e3o Causa Mortis e Doa\u00e7\u00e3o (ITCMD), incidente sobre doa\u00e7\u00f5es em vida;<\/p>\n<div align=\"center\">&nbsp;<\/div>\n<div align=\"center\">&nbsp;<\/div>\n<div align=\"center\">FALE COM UM ADVOGADO<\/div>\n<div align=\"center\">&nbsp;<\/div>\n<div align=\"center\">\n<div class=\"wpcf7 no-js\" id=\"wpcf7-f96-o1\" lang=\"en-US\" dir=\"ltr\" data-wpcf7-id=\"96\">\n<div class=\"screen-reader-response\"><p role=\"status\" aria-live=\"polite\" aria-atomic=\"true\"><\/p> <ul><\/ul><\/div>\n<form action=\"\/site\/wp-json\/wp\/v2\/pages\/395#wpcf7-f96-o1\" method=\"post\" class=\"wpcf7-form init\" aria-label=\"Contact form\" novalidate=\"novalidate\" data-status=\"init\">\n<div style=\"display: none;\">\n<input type=\"hidden\" name=\"_wpcf7\" value=\"96\" \/>\n<input type=\"hidden\" name=\"_wpcf7_version\" value=\"6.0.6\" \/>\n<input type=\"hidden\" name=\"_wpcf7_locale\" value=\"en_US\" \/>\n<input type=\"hidden\" name=\"_wpcf7_unit_tag\" value=\"wpcf7-f96-o1\" \/>\n<input type=\"hidden\" name=\"_wpcf7_container_post\" value=\"0\" \/>\n<input type=\"hidden\" name=\"_wpcf7_posted_data_hash\" value=\"\" \/>\n<\/div>\n<div class=\"col-sm-4 col-md-4 col-lg-4\">\n\t<p><span class=\"wpcf7-form-control-wrap\" data-name=\"your-name\"><input size=\"40\" maxlength=\"400\" class=\"wpcf7-form-control wpcf7-text wpcf7-validates-as-required\" aria-required=\"true\" aria-invalid=\"false\" placeholder=\"Nome\" value=\"\" type=\"text\" name=\"your-name\" \/><\/span>\n\t<\/p>\n<\/div>\n<div class=\"col-sm-4 col-md-4 col-lg-4\">\n\t<p><span class=\"wpcf7-form-control-wrap\" data-name=\"your-email\"><input size=\"40\" maxlength=\"400\" class=\"wpcf7-form-control wpcf7-email wpcf7-validates-as-required wpcf7-text wpcf7-validates-as-email\" aria-required=\"true\" aria-invalid=\"false\" placeholder=\"E-mail\" value=\"\" type=\"email\" name=\"your-email\" \/><\/span>\n\t<\/p>\n<\/div>\n<div class=\"col-sm-4 col-md-4 col-lg-4\">\n\t<p><span class=\"wpcf7-form-control-wrap\" data-name=\"your-subject\"><input size=\"40\" maxlength=\"400\" class=\"wpcf7-form-control wpcf7-text\" aria-invalid=\"false\" placeholder=\"Assunto\" value=\"\" type=\"text\" name=\"your-subject\" \/><\/span>\n\t<\/p>\n<\/div>\n<div class=\"make-space\">\n\t<p><span class=\"wpcf7-form-control-wrap\" data-name=\"your-message\"><textarea cols=\"40\" rows=\"10\" maxlength=\"2000\" class=\"wpcf7-form-control wpcf7-textarea wpcf7-validates-as-required\" aria-required=\"true\" aria-invalid=\"false\" placeholder=\"Mensagem\" name=\"your-message\"><\/textarea><\/span>\n\t<\/p>\n<\/div>\n<div>\n\t<p><input class=\"wpcf7-form-control wpcf7-submit has-spinner\" type=\"submit\" value=\"Entrar em Contato\" \/>\n\t<\/p>\n<\/div><div class=\"wpcf7-response-output\" aria-hidden=\"true\"><\/div>\n<\/form>\n<\/div>\n<\/div>\n","protected":false},"excerpt":{"rendered":"<p>Avalia\u00e7\u00e3o da situa\u00e7\u00e3o patrimonial frente a atos passados e projetos futuros; Sugest\u00e3o de alternativas para ado\u00e7\u00e3o de novas estruturas jur\u00eddicas que envolvam governan\u00e7a familiar ou corporativa; Implementa\u00e7\u00e3o de estruturas que gerem mais efici\u00eancia sob todos os aspectos legais ao patrim\u00f4nio das pessoas f\u00edsicas; Aconselhamento acerca da ado\u00e7\u00e3o de determinadas cautelas, previamente ao fechamento de neg\u00f3cio..<\/p>\n","protected":false},"author":1,"featured_media":0,"parent":0,"menu_order":0,"comment_status":"closed","ping_status":"closed","template":"","meta":{"_joinchat":[],"footnotes":"","_links_to":"","_links_to_target":""},"class_list":["post-395","page","type-page","status-publish","hentry"],"_links":{"self":[{"href":"https:\/\/higashi.com.br\/site\/wp-json\/wp\/v2\/pages\/395","targetHints":{"allow":["GET"]}}],"collection":[{"href":"https:\/\/higashi.com.br\/site\/wp-json\/wp\/v2\/pages"}],"about":[{"href":"https:\/\/higashi.com.br\/site\/wp-json\/wp\/v2\/types\/page"}],"author":[{"embeddable":true,"href":"https:\/\/higashi.com.br\/site\/wp-json\/wp\/v2\/users\/1"}],"replies":[{"embeddable":true,"href":"https:\/\/higashi.com.br\/site\/wp-json\/wp\/v2\/comments?post=395"}],"version-history":[{"count":4,"href":"https:\/\/higashi.com.br\/site\/wp-json\/wp\/v2\/pages\/395\/revisions"}],"predecessor-version":[{"id":482,"href":"https:\/\/higashi.com.br\/site\/wp-json\/wp\/v2\/pages\/395\/revisions\/482"}],"wp:attachment":[{"href":"https:\/\/higashi.com.br\/site\/wp-json\/wp\/v2\/media?parent=395"}],"curies":[{"name":"wp","href":"https:\/\/api.w.org\/{rel}","templated":true}]}}