{"id":391,"date":"2020-03-05T22:46:41","date_gmt":"2020-03-06T01:46:41","guid":{"rendered":"http:\/\/higashi.com.br\/site\/?page_id=391"},"modified":"2024-01-02T12:41:07","modified_gmt":"2024-01-02T15:41:07","slug":"e-sports","status":"publish","type":"page","link":"https:\/\/higashi.com.br\/site\/e-sports\/","title":{"rendered":"E-Sports"},"content":{"rendered":"<p>Oferecemos uma assessoria jur\u00eddica especializada e inovadora no mundo dos e-sports. Compreendemos que este setor din\u00e2mico e em r\u00e1pido crescimento apresenta desafios e oportunidades \u00fanicas. Nossa equipe \u00e9 dedicada a fornecer solu\u00e7\u00f5es jur\u00eddicas abrangentes para jogadores, equipes, patrocinadores e organizadores de eventos. Desde a negocia\u00e7\u00e3o de contratos at\u00e9 a gest\u00e3o de direitos de imagem e quest\u00f5es de propriedade intelectual, estamos aqui para assegurar que nossos clientes naveguem com sucesso no complexo ambiente legal dos e-sports. Nossa abordagem \u00e9 personalizada, garantindo que cada cliente receba orienta\u00e7\u00e3o e suporte jur\u00eddico ajustado \u00e0s suas necessidades espec\u00edficas no mundo eletrizante dos e-sports.<\/p>\n<div align=\"center\"><\/div>\n<div align=\"center\"><\/div>\n<div align=\"center\">FALE COM UM ADVOGADO<\/div>\n<div align=\"center\"><\/div>\n<div align=\"center\">\n<div class=\"wpcf7 no-js\" id=\"wpcf7-f96-o1\" lang=\"en-US\" dir=\"ltr\" data-wpcf7-id=\"96\">\n<div class=\"screen-reader-response\"><p role=\"status\" aria-live=\"polite\" aria-atomic=\"true\"><\/p> <ul><\/ul><\/div>\n<form action=\"\/site\/wp-json\/wp\/v2\/pages\/391#wpcf7-f96-o1\" method=\"post\" class=\"wpcf7-form init\" aria-label=\"Contact form\" novalidate=\"novalidate\" data-status=\"init\">\n<div style=\"display: none;\">\n<input type=\"hidden\" name=\"_wpcf7\" value=\"96\" \/>\n<input type=\"hidden\" name=\"_wpcf7_version\" value=\"6.0.6\" \/>\n<input type=\"hidden\" name=\"_wpcf7_locale\" value=\"en_US\" \/>\n<input type=\"hidden\" name=\"_wpcf7_unit_tag\" value=\"wpcf7-f96-o1\" \/>\n<input type=\"hidden\" name=\"_wpcf7_container_post\" value=\"0\" \/>\n<input type=\"hidden\" name=\"_wpcf7_posted_data_hash\" value=\"\" \/>\n<\/div>\n<div class=\"col-sm-4 col-md-4 col-lg-4\">\n\t<p><span class=\"wpcf7-form-control-wrap\" data-name=\"your-name\"><input size=\"40\" maxlength=\"400\" class=\"wpcf7-form-control wpcf7-text wpcf7-validates-as-required\" aria-required=\"true\" aria-invalid=\"false\" placeholder=\"Nome\" value=\"\" type=\"text\" name=\"your-name\" \/><\/span>\n\t<\/p>\n<\/div>\n<div class=\"col-sm-4 col-md-4 col-lg-4\">\n\t<p><span class=\"wpcf7-form-control-wrap\" data-name=\"your-email\"><input size=\"40\" maxlength=\"400\" class=\"wpcf7-form-control wpcf7-email wpcf7-validates-as-required wpcf7-text wpcf7-validates-as-email\" aria-required=\"true\" aria-invalid=\"false\" placeholder=\"E-mail\" value=\"\" type=\"email\" name=\"your-email\" \/><\/span>\n\t<\/p>\n<\/div>\n<div class=\"col-sm-4 col-md-4 col-lg-4\">\n\t<p><span class=\"wpcf7-form-control-wrap\" data-name=\"your-subject\"><input size=\"40\" maxlength=\"400\" class=\"wpcf7-form-control wpcf7-text\" aria-invalid=\"false\" placeholder=\"Assunto\" value=\"\" type=\"text\" name=\"your-subject\" \/><\/span>\n\t<\/p>\n<\/div>\n<div class=\"make-space\">\n\t<p><span class=\"wpcf7-form-control-wrap\" data-name=\"your-message\"><textarea cols=\"40\" rows=\"10\" maxlength=\"2000\" class=\"wpcf7-form-control wpcf7-textarea wpcf7-validates-as-required\" aria-required=\"true\" aria-invalid=\"false\" placeholder=\"Mensagem\" name=\"your-message\"><\/textarea><\/span>\n\t<\/p>\n<\/div>\n<div>\n\t<p><input class=\"wpcf7-form-control wpcf7-submit has-spinner\" type=\"submit\" value=\"Entrar em Contato\" \/>\n\t<\/p>\n<\/div><div class=\"wpcf7-response-output\" aria-hidden=\"true\"><\/div>\n<\/form>\n<\/div>\n<\/div>\n","protected":false},"excerpt":{"rendered":"<p>Oferecemos uma assessoria jur\u00eddica especializada e inovadora no mundo dos e-sports. Compreendemos que este setor din\u00e2mico e em r\u00e1pido crescimento apresenta desafios e oportunidades \u00fanicas. Nossa equipe \u00e9 dedicada a fornecer solu\u00e7\u00f5es jur\u00eddicas abrangentes para jogadores, equipes, patrocinadores e organizadores de eventos. Desde a negocia\u00e7\u00e3o de contratos at\u00e9 a gest\u00e3o de direitos de imagem e..<\/p>\n","protected":false},"author":1,"featured_media":0,"parent":0,"menu_order":0,"comment_status":"closed","ping_status":"closed","template":"","meta":{"_joinchat":[],"footnotes":"","_links_to":"","_links_to_target":""},"class_list":["post-391","page","type-page","status-publish","hentry"],"_links":{"self":[{"href":"https:\/\/higashi.com.br\/site\/wp-json\/wp\/v2\/pages\/391","targetHints":{"allow":["GET"]}}],"collection":[{"href":"https:\/\/higashi.com.br\/site\/wp-json\/wp\/v2\/pages"}],"about":[{"href":"https:\/\/higashi.com.br\/site\/wp-json\/wp\/v2\/types\/page"}],"author":[{"embeddable":true,"href":"https:\/\/higashi.com.br\/site\/wp-json\/wp\/v2\/users\/1"}],"replies":[{"embeddable":true,"href":"https:\/\/higashi.com.br\/site\/wp-json\/wp\/v2\/comments?post=391"}],"version-history":[{"count":6,"href":"https:\/\/higashi.com.br\/site\/wp-json\/wp\/v2\/pages\/391\/revisions"}],"predecessor-version":[{"id":570,"href":"https:\/\/higashi.com.br\/site\/wp-json\/wp\/v2\/pages\/391\/revisions\/570"}],"wp:attachment":[{"href":"https:\/\/higashi.com.br\/site\/wp-json\/wp\/v2\/media?parent=391"}],"curies":[{"name":"wp","href":"https:\/\/api.w.org\/{rel}","templated":true}]}}