{"id":385,"date":"2020-03-05T22:41:44","date_gmt":"2020-03-06T01:41:44","guid":{"rendered":"http:\/\/higashi.com.br\/site\/?page_id=385"},"modified":"2020-03-13T16:35:25","modified_gmt":"2020-03-13T19:35:25","slug":"tributario","status":"publish","type":"page","link":"https:\/\/higashi.com.br\/site\/tributario\/","title":{"rendered":"Tribut\u00e1rio"},"content":{"rendered":"<p style=\"line-height: 115%;\"><span style=\"font-size: 13.0pt; line-height: 115%; color: black;\">Atua\u00e7\u00e3o no consultivo trabalhista, contencioso judicial e administrativo, remunera\u00e7\u00e3o de executivos e assessoria empresarial sindical.<\/span><\/p>\n<p style=\"line-height: 115%;\"><span style=\"font-size: 13.0pt; line-height: 115%; color: black;\">Com foco na atua\u00e7\u00e3o de reestrutura\u00e7\u00f5es empresariais trabalhistas, a pr\u00e1tica consegue combinar, em \u00fanico olhar, as regras legais com as necessidades dos clientes.<\/span><\/p>\n<p style=\"line-height: 115%;\"><span style=\"font-size: 13.0pt; line-height: 115%; color: #ed7d31;\" lang=\"X-NONE\">Consultivo trabalhista<\/span><\/p>\n<p style=\"line-height: 115%;\"><span style=\"font-size: 13.0pt; line-height: 115%; color: black;\">A \u00eanfase em consultivo multidisciplinar possibilita a formula\u00e7\u00e3o de solu\u00e7\u00f5es customizadas com o objetivo de eliminar ou mitigar riscos trabalhistas. Nossos servi\u00e7os nesse segmento englobam:<\/span><\/p>\n<p style=\"line-height: 115%;\"><span style=\"font-size: 13.0pt; line-height: 115%; color: black;\">\u2022 Elabora\u00e7\u00e3o e implementa\u00e7\u00e3o de planos de sal\u00e1rios\/benef\u00edcios em raz\u00e3o de reorganiza\u00e7\u00e3o ou reestrutura\u00e7\u00e3o empresarial;<\/span><\/p>\n<p style=\"line-height: 115%;\"><span style=\"font-size: 13.0pt; line-height: 115%; color: black;\">\u2022 Assessoria na elabora\u00e7\u00e3o de auditorias trabalhistas;<\/span><\/p>\n<p style=\"line-height: 115%;\"><span style=\"font-size: 13.0pt; line-height: 115%; color: black;\">\u2022 Participa\u00e7\u00e3o em estrat\u00e9gias para negocia\u00e7\u00f5es sindicais e participa\u00e7\u00e3o nas negocia\u00e7\u00f5es, com a elabora\u00e7\u00e3o ou revis\u00e3o de acordos coletivos de trabalho.<\/span><\/p>\n<p style=\"line-height: 115%;\"><strong><span style=\"font-size: 13.0pt; line-height: 115%; color: black;\">&nbsp;<\/span><span style=\"font-size: 13.0pt; line-height: 115%; color: #ed7d31;\" lang=\"X-NONE\">Contencioso judicial e administrativo<\/span><\/strong><\/p>\n<p style=\"line-height: 115%;\"><span style=\"font-size: 13.0pt; line-height: 115%; color: black;\">A pr\u00e1tica de Trabalhista tamb\u00e9m atua com \u00eanfase no contencioso judicial e administrativo especializado. Nossos servi\u00e7os nesses segmentos incluem:<\/span><\/p>\n<p style=\"line-height: 115%;\"><span style=\"font-size: 13.0pt; line-height: 115%; color: black;\">\u2022 Assessoria em auditorias legais para apoio em opera\u00e7\u00f5es societ\u00e1rias (M&amp;A), e levantamento de conting\u00eancias trabalhistas;<\/span><\/p>\n<p style=\"line-height: 115%;\"><span style=\"font-size: 13.0pt; line-height: 115%; color: black;\">\u2022 Atua\u00e7\u00e3o no plano contencioso, tanto no \u00e2mbito administrativo quanto no \u00e2mbito judicial, com especialidade em conduzir assuntos perante o Minist\u00e9rio P\u00fablico do Trabalho, tanto nos procedimentos investigat\u00f3rios quanto na defesa de a\u00e7\u00f5es civis p\u00fablicas.<\/span><\/p>\n<div align=\"center\">&nbsp;<\/div>\n<div align=\"center\">&nbsp;<\/div>\n<div align=\"center\">FALE COM UM ADVOGADO<\/div>\n<div align=\"center\">&nbsp;<\/div>\n<div align=\"center\">\n<div class=\"wpcf7 no-js\" id=\"wpcf7-f96-o1\" lang=\"en-US\" dir=\"ltr\" data-wpcf7-id=\"96\">\n<div class=\"screen-reader-response\"><p role=\"status\" aria-live=\"polite\" aria-atomic=\"true\"><\/p> <ul><\/ul><\/div>\n<form action=\"\/site\/wp-json\/wp\/v2\/pages\/385#wpcf7-f96-o1\" method=\"post\" class=\"wpcf7-form init\" aria-label=\"Contact form\" novalidate=\"novalidate\" data-status=\"init\">\n<div style=\"display: none;\">\n<input type=\"hidden\" name=\"_wpcf7\" value=\"96\" \/>\n<input type=\"hidden\" name=\"_wpcf7_version\" value=\"6.0.6\" \/>\n<input type=\"hidden\" name=\"_wpcf7_locale\" value=\"en_US\" \/>\n<input type=\"hidden\" name=\"_wpcf7_unit_tag\" value=\"wpcf7-f96-o1\" \/>\n<input type=\"hidden\" name=\"_wpcf7_container_post\" value=\"0\" \/>\n<input type=\"hidden\" name=\"_wpcf7_posted_data_hash\" value=\"\" \/>\n<\/div>\n<div class=\"col-sm-4 col-md-4 col-lg-4\">\n\t<p><span class=\"wpcf7-form-control-wrap\" data-name=\"your-name\"><input size=\"40\" maxlength=\"400\" class=\"wpcf7-form-control wpcf7-text wpcf7-validates-as-required\" aria-required=\"true\" aria-invalid=\"false\" placeholder=\"Nome\" value=\"\" type=\"text\" name=\"your-name\" \/><\/span>\n\t<\/p>\n<\/div>\n<div class=\"col-sm-4 col-md-4 col-lg-4\">\n\t<p><span class=\"wpcf7-form-control-wrap\" data-name=\"your-email\"><input size=\"40\" maxlength=\"400\" class=\"wpcf7-form-control wpcf7-email wpcf7-validates-as-required wpcf7-text wpcf7-validates-as-email\" aria-required=\"true\" aria-invalid=\"false\" placeholder=\"E-mail\" value=\"\" type=\"email\" name=\"your-email\" \/><\/span>\n\t<\/p>\n<\/div>\n<div class=\"col-sm-4 col-md-4 col-lg-4\">\n\t<p><span class=\"wpcf7-form-control-wrap\" data-name=\"your-subject\"><input size=\"40\" maxlength=\"400\" class=\"wpcf7-form-control wpcf7-text\" aria-invalid=\"false\" placeholder=\"Assunto\" value=\"\" type=\"text\" name=\"your-subject\" \/><\/span>\n\t<\/p>\n<\/div>\n<div class=\"make-space\">\n\t<p><span class=\"wpcf7-form-control-wrap\" data-name=\"your-message\"><textarea cols=\"40\" rows=\"10\" maxlength=\"2000\" class=\"wpcf7-form-control wpcf7-textarea wpcf7-validates-as-required\" aria-required=\"true\" aria-invalid=\"false\" placeholder=\"Mensagem\" name=\"your-message\"><\/textarea><\/span>\n\t<\/p>\n<\/div>\n<div>\n\t<p><input class=\"wpcf7-form-control wpcf7-submit has-spinner\" type=\"submit\" value=\"Entrar em Contato\" \/>\n\t<\/p>\n<\/div><div class=\"wpcf7-response-output\" aria-hidden=\"true\"><\/div>\n<\/form>\n<\/div>\n<\/div>\n","protected":false},"excerpt":{"rendered":"<p>Atua\u00e7\u00e3o no consultivo trabalhista, contencioso judicial e administrativo, remunera\u00e7\u00e3o de executivos e assessoria empresarial sindical. Com foco na atua\u00e7\u00e3o de reestrutura\u00e7\u00f5es empresariais trabalhistas, a pr\u00e1tica consegue combinar, em \u00fanico olhar, as regras legais com as necessidades dos clientes. Consultivo trabalhista A \u00eanfase em consultivo multidisciplinar possibilita a formula\u00e7\u00e3o de solu\u00e7\u00f5es customizadas com o objetivo de..<\/p>\n","protected":false},"author":1,"featured_media":0,"parent":0,"menu_order":0,"comment_status":"closed","ping_status":"closed","template":"","meta":{"_joinchat":[],"footnotes":"","_links_to":"","_links_to_target":""},"class_list":["post-385","page","type-page","status-publish","hentry"],"_links":{"self":[{"href":"https:\/\/higashi.com.br\/site\/wp-json\/wp\/v2\/pages\/385","targetHints":{"allow":["GET"]}}],"collection":[{"href":"https:\/\/higashi.com.br\/site\/wp-json\/wp\/v2\/pages"}],"about":[{"href":"https:\/\/higashi.com.br\/site\/wp-json\/wp\/v2\/types\/page"}],"author":[{"embeddable":true,"href":"https:\/\/higashi.com.br\/site\/wp-json\/wp\/v2\/users\/1"}],"replies":[{"embeddable":true,"href":"https:\/\/higashi.com.br\/site\/wp-json\/wp\/v2\/comments?post=385"}],"version-history":[{"count":4,"href":"https:\/\/higashi.com.br\/site\/wp-json\/wp\/v2\/pages\/385\/revisions"}],"predecessor-version":[{"id":487,"href":"https:\/\/higashi.com.br\/site\/wp-json\/wp\/v2\/pages\/385\/revisions\/487"}],"wp:attachment":[{"href":"https:\/\/higashi.com.br\/site\/wp-json\/wp\/v2\/media?parent=385"}],"curies":[{"name":"wp","href":"https:\/\/api.w.org\/{rel}","templated":true}]}}