{"id":378,"date":"2020-03-05T22:35:43","date_gmt":"2020-03-06T01:35:43","guid":{"rendered":"http:\/\/higashi.com.br\/site\/?page_id=378"},"modified":"2020-03-13T16:29:08","modified_gmt":"2020-03-13T19:29:08","slug":"lgpd","status":"publish","type":"page","link":"https:\/\/higashi.com.br\/site\/lgpd\/","title":{"rendered":"LGPD"},"content":{"rendered":"<div class=\"wpb-content-wrapper\">[vc_row][vc_column][vc_column_text]<span class=\"\">A Lei Geral de Prote\u00e7\u00e3o de Dados Pessoais (LGPD) regulamenta a forma<\/span>sobre como as organiza\u00e7\u00f5es podem utilizar dados pessoais no Brasil, aoestabelecer regras detalhadas para a coleta, uso, tratamento earmazenamento de dados pessoais.<span class=\"\">A LGPD imp\u00f5e uma profunda transforma\u00e7\u00e3o no sistema de prote\u00e7\u00e3o de<\/span>dados brasileiro, em boa medida alinhada com a legisla\u00e7\u00e3o europeia(GDPR) e afeta todos os setores da economia, inclusive as rela\u00e7\u00f5es entreclientes e fornecedores de produtos e servi\u00e7os, empregado e empregador eoutras rela\u00e7\u00f5es nas quais dados pessoais sejam coletados e tratados, tantono ambiente digital quanto fora dele. A atua\u00e7\u00e3o da pr\u00e1tica de Prote\u00e7\u00e3o de Dados e Cybersecurity nesse \u00e2mbito inclui os seguintes servi\u00e7os:<\/p>\n<p><strong>Aux\u00edlio na adapta\u00e7\u00e3o das empresas aos requisitos da lei<\/strong><\/p>\n<ul>\n<li>Assessoria jur\u00eddica e consultoria para mapeamento (gap analysis) e ado\u00e7\u00e3o de medidas necess\u00e1rias de adequa\u00e7\u00e3o ao regime de prote\u00e7\u00e3o estabelecido pela LGPD;<\/li>\n<li>Revis\u00e3o de procedimentos internos, pol\u00edticas e fluxos de tratamento de dados pessoais para cumprimento da LGPD.<\/li>\n<\/ul>\n<p><strong>Treinamentos de equipe sobre boas pr\u00e1ticas e medidas de prote\u00e7\u00e3o de dados<\/strong><\/p>\n<ul>\n<li>Assessoria na elabora\u00e7\u00e3o de materiais educativos para funcion\u00e1rios, prestadores de servi\u00e7o e demais colaboradores, com foco em assuntos de privacidade, prote\u00e7\u00e3o de dados e seguran\u00e7a da informa\u00e7\u00e3o;<\/li>\n<li>Realiza\u00e7\u00e3o de treinamentos internos.<\/li>\n<\/ul>\n<p><strong>Intera\u00e7\u00e3o com autoridades reguladoras e fiscalizadoras<\/strong><\/p>\n<ul>\n<li>Assessoria jur\u00eddica na defesa de interesses da empresa junto \u00e0s autoridades reguladoras&nbsp;respons\u00e1veis pela fiscaliza\u00e7\u00e3o e imposi\u00e7\u00e3o de san\u00e7\u00f5es por descumprimento da LGPD.<\/li>\n<\/ul>\n<p><strong>Assessoria jur\u00eddica em incidentes de vazamento de dados e seguran\u00e7a cibern\u00e9tica<\/strong><\/p>\n<ul>\n<li>Assessoria no desenvolvimento de medidas preventivas relativas a incidentes de seguran\u00e7a;<\/li>\n<li>Cria\u00e7\u00e3o de processos internos para responder adequadamente a incidentes de seguran\u00e7a perante os titulares dos dados, autoridades e demais terceiros.<\/li>\n<\/ul>\n<p><strong>Consultoria e assessoria jur\u00eddica na rela\u00e7\u00e3o entre agentes de tratamento e titulares de dados<\/strong><\/p>\n<ul>\n<li>Elabora\u00e7\u00e3o ou revis\u00e3o de pol\u00edtica de privacidade e termos de uso para o tratamento de dados pessoais;<\/li>\n<li>Elabora\u00e7\u00e3o e revis\u00e3o de contratos e documentos envolvendo a contrata\u00e7\u00e3o de prestadores de servi\u00e7os que coletam ou tratam dados pessoais em benef\u00edcio da empresa.<\/li>\n<\/ul>\n<div align=\"center\">&nbsp;<\/div>\n<div align=\"center\">&nbsp;<\/div>\n<div align=\"center\">FALE COM UM ADVOGADO<\/div>\n<div align=\"center\">&nbsp;<\/div>\n<div align=\"center\">\n<div class=\"wpcf7 no-js\" id=\"wpcf7-f96-o1\" lang=\"en-US\" dir=\"ltr\" data-wpcf7-id=\"96\">\n<div class=\"screen-reader-response\"><p role=\"status\" aria-live=\"polite\" aria-atomic=\"true\"><\/p> <ul><\/ul><\/div>\n<form action=\"\/site\/wp-json\/wp\/v2\/pages\/378#wpcf7-f96-o1\" method=\"post\" class=\"wpcf7-form init\" aria-label=\"Contact form\" novalidate=\"novalidate\" data-status=\"init\">\n<div style=\"display: none;\">\n<input type=\"hidden\" name=\"_wpcf7\" value=\"96\" \/>\n<input type=\"hidden\" name=\"_wpcf7_version\" value=\"6.0.6\" \/>\n<input type=\"hidden\" name=\"_wpcf7_locale\" value=\"en_US\" \/>\n<input type=\"hidden\" name=\"_wpcf7_unit_tag\" value=\"wpcf7-f96-o1\" \/>\n<input type=\"hidden\" name=\"_wpcf7_container_post\" value=\"0\" \/>\n<input type=\"hidden\" name=\"_wpcf7_posted_data_hash\" value=\"\" \/>\n<\/div>\n<div class=\"col-sm-4 col-md-4 col-lg-4\">\n\t<p><span class=\"wpcf7-form-control-wrap\" data-name=\"your-name\"><input size=\"40\" maxlength=\"400\" class=\"wpcf7-form-control wpcf7-text wpcf7-validates-as-required\" aria-required=\"true\" aria-invalid=\"false\" placeholder=\"Nome\" value=\"\" type=\"text\" name=\"your-name\" \/><\/span>\n\t<\/p>\n<\/div>\n<div class=\"col-sm-4 col-md-4 col-lg-4\">\n\t<p><span class=\"wpcf7-form-control-wrap\" data-name=\"your-email\"><input size=\"40\" maxlength=\"400\" class=\"wpcf7-form-control wpcf7-email wpcf7-validates-as-required wpcf7-text wpcf7-validates-as-email\" aria-required=\"true\" aria-invalid=\"false\" placeholder=\"E-mail\" value=\"\" type=\"email\" name=\"your-email\" \/><\/span>\n\t<\/p>\n<\/div>\n<div class=\"col-sm-4 col-md-4 col-lg-4\">\n\t<p><span class=\"wpcf7-form-control-wrap\" data-name=\"your-subject\"><input size=\"40\" maxlength=\"400\" class=\"wpcf7-form-control wpcf7-text\" aria-invalid=\"false\" placeholder=\"Assunto\" value=\"\" type=\"text\" name=\"your-subject\" \/><\/span>\n\t<\/p>\n<\/div>\n<div class=\"make-space\">\n\t<p><span class=\"wpcf7-form-control-wrap\" data-name=\"your-message\"><textarea cols=\"40\" rows=\"10\" maxlength=\"2000\" class=\"wpcf7-form-control wpcf7-textarea wpcf7-validates-as-required\" aria-required=\"true\" aria-invalid=\"false\" placeholder=\"Mensagem\" name=\"your-message\"><\/textarea><\/span>\n\t<\/p>\n<\/div>\n<div>\n\t<p><input class=\"wpcf7-form-control wpcf7-submit has-spinner\" type=\"submit\" value=\"Entrar em Contato\" \/>\n\t<\/p>\n<\/div><div class=\"wpcf7-response-output\" aria-hidden=\"true\"><\/div>\n<\/form>\n<\/div>\n<\/div>\n<\/div>","protected":false},"excerpt":{"rendered":"<p>[vc_row][vc_column][vc_column_text]A Lei Geral de Prote\u00e7\u00e3o de Dados Pessoais (LGPD) regulamenta a formasobre como as organiza\u00e7\u00f5es podem utilizar dados pessoais no Brasil, aoestabelecer regras detalhadas para a coleta, uso, tratamento earmazenamento de dados pessoais.A LGPD imp\u00f5e uma profunda transforma\u00e7\u00e3o no sistema de prote\u00e7\u00e3o dedados brasileiro, em boa medida alinhada com a legisla\u00e7\u00e3o europeia(GDPR) e afeta todos..<\/p>\n","protected":false},"author":1,"featured_media":0,"parent":0,"menu_order":0,"comment_status":"closed","ping_status":"closed","template":"","meta":{"_joinchat":[],"footnotes":"","_links_to":"","_links_to_target":""},"class_list":["post-378","page","type-page","status-publish","hentry"],"_links":{"self":[{"href":"https:\/\/higashi.com.br\/site\/wp-json\/wp\/v2\/pages\/378","targetHints":{"allow":["GET"]}}],"collection":[{"href":"https:\/\/higashi.com.br\/site\/wp-json\/wp\/v2\/pages"}],"about":[{"href":"https:\/\/higashi.com.br\/site\/wp-json\/wp\/v2\/types\/page"}],"author":[{"embeddable":true,"href":"https:\/\/higashi.com.br\/site\/wp-json\/wp\/v2\/users\/1"}],"replies":[{"embeddable":true,"href":"https:\/\/higashi.com.br\/site\/wp-json\/wp\/v2\/comments?post=378"}],"version-history":[{"count":9,"href":"https:\/\/higashi.com.br\/site\/wp-json\/wp\/v2\/pages\/378\/revisions"}],"predecessor-version":[{"id":478,"href":"https:\/\/higashi.com.br\/site\/wp-json\/wp\/v2\/pages\/378\/revisions\/478"}],"wp:attachment":[{"href":"https:\/\/higashi.com.br\/site\/wp-json\/wp\/v2\/media?parent=378"}],"curies":[{"name":"wp","href":"https:\/\/api.w.org\/{rel}","templated":true}]}}