{"id":294,"date":"2020-03-02T10:33:27","date_gmt":"2020-03-02T13:33:27","guid":{"rendered":"http:\/\/higashi.com.br\/site\/?page_id=294"},"modified":"2020-03-11T16:30:58","modified_gmt":"2020-03-11T19:30:58","slug":"administrativo","status":"publish","type":"page","link":"https:\/\/higashi.com.br\/site\/administrativo\/","title":{"rendered":"Administrativo"},"content":{"rendered":"<p><strong>Licita\u00e7\u00f5es e Contratos Administrativos<\/strong><\/p>\n<p>Entre os servi\u00e7os de consultoria realizados pela Higashi Advocacia est\u00e1 a amplaassessoria nos processos de contrata\u00e7\u00e3o p\u00fablica, tanto na fase licitat\u00f3ria comodurante a execu\u00e7\u00e3o do contrato. A Higashi Advocacia possui expertisenaatua\u00e7\u00e3odurante a fase de publicidade do edital de licita\u00e7\u00e3o, com a elabora\u00e7\u00e3ode impugna\u00e7\u00f5es e pedidos de esclarecimento ao ato convocat\u00f3rio, bem como aan\u00e1lise e confer\u00eancia de toda a documenta\u00e7\u00e3o a ser apresentada na sess\u00e3op\u00fablica. Durante a licita\u00e7\u00e3o, nosso escrit\u00f3rio tamb\u00e9m est\u00e1 preparado para atuar nas esferasadministrativa e judicial, com a apresenta\u00e7\u00e3o de recursos administrativos eimpetra\u00e7\u00e3o de mandados de seguran\u00e7a. Al\u00e9m disso, a Higashi Advocacia possuicapacita\u00e7\u00e3o para realizar consultoria jur\u00eddica completa para a gest\u00e3o do contratoadministrativo, com a an\u00e1lise e elabora\u00e7\u00e3o de comunica\u00e7\u00e3o entre as partes eacompanhamento integral da execu\u00e7\u00e3o do contrato.<\/p>\n<p><strong>Administrativo Licita\u00e7\u00f5es e Contratos Administrativos<\/strong><\/p>\n<p>Entre os servi\u00e7os de consultoria realizados pela Higashi Advocacia est\u00e1 a amplaassessoria nos processos de contrata\u00e7\u00e3o p\u00fablica, tanto na fase licitat\u00f3ria comodurante a execu\u00e7\u00e3o do contrato. A Higashi Advocacia possui expertisenaatua\u00e7\u00e3odurante a fase de publicidade do edital de licita\u00e7\u00e3o, com a elabora\u00e7\u00e3ode impugna\u00e7\u00f5es e pedidos de esclarecimento ao ato convocat\u00f3rio, bem como aan\u00e1lise e confer\u00eancia de toda a documenta\u00e7\u00e3o a ser apresentada na sess\u00e3op\u00fablica. Durante a licita\u00e7\u00e3o, nosso escrit\u00f3rio tamb\u00e9m est\u00e1 preparado para atuar nas esferasadministrativa e judicial, com a apresenta\u00e7\u00e3o de recursos administrativos eimpetra\u00e7\u00e3o de mandados de seguran\u00e7a. Al\u00e9m disso, a Higashi Advocacia possuicapacita\u00e7\u00e3o para realizar consultoria jur\u00eddica completa para a gest\u00e3o do contratoadministrativo, com a an\u00e1lise e elabora\u00e7\u00e3o de comunica\u00e7\u00e3o entre as partes eacompanhamento integral da execu\u00e7\u00e3o do contrato.San\u00e7\u00f5es administrativasDurante os processos licitat\u00f3rios e a execu\u00e7\u00e3o dos contratos administrativos aAdministra\u00e7\u00e3o P\u00fablica pode aplicar penalidades aos licitantes e contratados. Aspenalidades, geralmente decorrentes de atraso ou inexecu\u00e7\u00e3o do contrato, podemvariar desde uma simples advert\u00eancia a san\u00e7\u00f5es mais graves como suspens\u00e3o dodireito de licitar e contratar com a Administra\u00e7\u00e3o ou declara\u00e7\u00e3o de idoneidade daempresa, sem preju\u00edzo de multas pecuni\u00e1rias e de rescis\u00e3o do contrato. Por vezes,estas penalidades s\u00e3o indevidas ou aplicadas com inobserv\u00e2ncia do devidoprocesso legal. A Higashi Advocacia possui expertise na confec\u00e7\u00e3o de defesaspr\u00e9vias e recursos no \u00e2mbito dos processos administrativos a fim de evitar aaplica\u00e7\u00e3o da penalidade, bem como em a\u00e7\u00f5es anulat\u00f3rias ou mandado deseguran\u00e7a que tenham por objetivo anular a penalidade eventualmente aplicada. Al\u00e9m disso, a Higashi Advocacia possui capacita\u00e7\u00e3o para a defesa de pessoasjur\u00eddicas em rela\u00e7\u00e3o a outros tipos de san\u00e7\u00f5es administrativas n\u00e3o correlatas alicita\u00e7\u00f5es e contratos, como aquelas aplicadas por entidades profissionais e pelo Conselho Administrativo de Defesa Econ\u00f4mica (CADE).<\/p>\n<p><strong>Desapropria\u00e7\u00e3o<\/strong><\/p>\n<p>Para atender a demanda de infraestrutura e viabilizar constantes solu\u00e7\u00f5es demobilidade urbana e melhor aproveitamento dos espa\u00e7os das grandes cidades, o Poder P\u00fablico tem, cada vez mais, executado diversas obras que demandam adesapropria\u00e7\u00e3o de terrenos, resid\u00eancias, com\u00e9rcios e ind\u00fastrias, atingindodiretamente a vida de pessoas f\u00edsicas e jur\u00eddicas. Todo propriet\u00e1rio de im\u00f3vel, de acordo com a Constitui\u00e7\u00e3o Brasileira, tem direitoa uma indeniza\u00e7\u00e3o condizente com o valor de mercado do bem desapropriado,assim como os locat\u00e1rios de espa\u00e7os comerciais, que sofrem danos materiaiscomo a perda do ponto. Entretanto, uma vez que n\u00e3o h\u00e1 como impedir adesapropria\u00e7\u00e3o \u2013 pois se trata de uma decis\u00e3o inquestion\u00e1vel judicialmente &#8211; oque vemos na pr\u00e1tica \u00e9 que as pessoas, sem o acompanhamento profissionalespecializado, ficam sujeitas a regras n\u00e3o muito claras e acabam sendoprejudicadas.A Higashi Advocacia defende os direitos dessas pessoas que t\u00eam seus interessesamea\u00e7ados ou lesados pelas obras p\u00fablicas, garantindo o recebimento de umajusta indeniza\u00e7\u00e3o, ou seja, aquela que represente o maior valor, com o seupagamento no menor tempo poss\u00edvel.<\/p>\n\n<div class=\"wpcf7 no-js\" id=\"wpcf7-f96-o1\" lang=\"en-US\" dir=\"ltr\" data-wpcf7-id=\"96\">\n<div class=\"screen-reader-response\"><p role=\"status\" aria-live=\"polite\" aria-atomic=\"true\"><\/p> <ul><\/ul><\/div>\n<form action=\"\/site\/wp-json\/wp\/v2\/pages\/294#wpcf7-f96-o1\" method=\"post\" class=\"wpcf7-form init\" aria-label=\"Contact form\" novalidate=\"novalidate\" data-status=\"init\">\n<div style=\"display: none;\">\n<input type=\"hidden\" name=\"_wpcf7\" value=\"96\" \/>\n<input type=\"hidden\" name=\"_wpcf7_version\" value=\"6.0.6\" \/>\n<input type=\"hidden\" name=\"_wpcf7_locale\" value=\"en_US\" \/>\n<input type=\"hidden\" name=\"_wpcf7_unit_tag\" value=\"wpcf7-f96-o1\" \/>\n<input type=\"hidden\" name=\"_wpcf7_container_post\" value=\"0\" \/>\n<input type=\"hidden\" name=\"_wpcf7_posted_data_hash\" value=\"\" \/>\n<\/div>\n<div class=\"col-sm-4 col-md-4 col-lg-4\">\n\t<p><span class=\"wpcf7-form-control-wrap\" data-name=\"your-name\"><input size=\"40\" maxlength=\"400\" class=\"wpcf7-form-control wpcf7-text wpcf7-validates-as-required\" aria-required=\"true\" aria-invalid=\"false\" placeholder=\"Nome\" value=\"\" type=\"text\" name=\"your-name\" \/><\/span>\n\t<\/p>\n<\/div>\n<div class=\"col-sm-4 col-md-4 col-lg-4\">\n\t<p><span class=\"wpcf7-form-control-wrap\" data-name=\"your-email\"><input size=\"40\" maxlength=\"400\" class=\"wpcf7-form-control wpcf7-email wpcf7-validates-as-required wpcf7-text wpcf7-validates-as-email\" aria-required=\"true\" aria-invalid=\"false\" placeholder=\"E-mail\" value=\"\" type=\"email\" name=\"your-email\" \/><\/span>\n\t<\/p>\n<\/div>\n<div class=\"col-sm-4 col-md-4 col-lg-4\">\n\t<p><span class=\"wpcf7-form-control-wrap\" data-name=\"your-subject\"><input size=\"40\" maxlength=\"400\" class=\"wpcf7-form-control wpcf7-text\" aria-invalid=\"false\" placeholder=\"Assunto\" value=\"\" type=\"text\" name=\"your-subject\" \/><\/span>\n\t<\/p>\n<\/div>\n<div class=\"make-space\">\n\t<p><span class=\"wpcf7-form-control-wrap\" data-name=\"your-message\"><textarea cols=\"40\" rows=\"10\" maxlength=\"2000\" class=\"wpcf7-form-control wpcf7-textarea wpcf7-validates-as-required\" aria-required=\"true\" aria-invalid=\"false\" placeholder=\"Mensagem\" name=\"your-message\"><\/textarea><\/span>\n\t<\/p>\n<\/div>\n<div>\n\t<p><input class=\"wpcf7-form-control wpcf7-submit has-spinner\" type=\"submit\" value=\"Entrar em Contato\" \/>\n\t<\/p>\n<\/div><div class=\"wpcf7-response-output\" aria-hidden=\"true\"><\/div>\n<\/form>\n<\/div>\n\n\n<script type=\"speculationrules\">\n{\"prefetch\":[{\"source\":\"document\",\"where\":{\"and\":[{\"href_matches\":\"\/site\/*\"},{\"not\":{\"href_matches\":[\"\/site\/wp-*.php\",\"\/site\/wp-admin\/*\",\"\/site\/wp-content\/uploads\/*\",\"\/site\/wp-content\/*\",\"\/site\/wp-content\/plugins\/*\",\"\/site\/wp-content\/themes\/wox\/*\",\"\/site\/*\\\\?(.+)\"]}},{\"not\":{\"selector_matches\":\"a[rel~=\\\"nofollow\\\"]\"}},{\"not\":{\"selector_matches\":\".no-prefetch, .no-prefetch a\"}}]},\"eagerness\":\"conservative\"}]}\n<\/script>\n<!--googleoff: all--><div id=\"cookie-law-info-bar\" data-nosnippet=\"true\"><span><div class=\"cli-bar-container cli-style-v2\"><div class=\"cli-bar-message\">Usamos cookies em nosso site para fornecer a experi\u00eancia mais relevante, lembrando suas prefer\u00eancias e visitas repetidas. Ao clicar em \u201cAceitar e fechar\u201d, voc\u00ea concorda com o uso de TODOS os cookies. No entanto, voc\u00ea pode visitar \"Configura\u00e7\u00f5es de cookies\" para fornecer um consentimento controlado.<\/div><div class=\"cli-bar-btn_container\"><a role='button' class=\"medium cli-plugin-button cli-plugin-main-button cli_settings_button\" style=\"margin:0px 5px 0px 0px\">Configura\u00e7\u00f5es de Cookies<\/a><a id=\"wt-cli-accept-all-btn\" role='button' data-cli_action=\"accept_all\" class=\"wt-cli-element medium cli-plugin-button wt-cli-accept-all-btn cookie_action_close_header cli_action_button\">Aceitar e fechar<\/a><\/div><\/div><\/span><\/div><div id=\"cookie-law-info-again\" data-nosnippet=\"true\"><span id=\"cookie_hdr_showagain\">Configura\u00e7\u00f5es de Cookies<\/span><\/div><div class=\"cli-modal\" data-nosnippet=\"true\" id=\"cliSettingsPopup\" tabindex=\"-1\" role=\"dialog\" aria-labelledby=\"cliSettingsPopup\" aria-hidden=\"true\">\n  <div class=\"cli-modal-dialog\" role=\"document\">\n\t<div class=\"cli-modal-content cli-bar-popup\">\n\t\t  <button type=\"button\" class=\"cli-modal-close\" id=\"cliModalClose\">\n\t\t\t<svg class=\"\" viewBox=\"0 0 24 24\"><path d=\"M19 6.41l-1.41-1.41-5.59 5.59-5.59-5.59-1.41 1.41 5.59 5.59-5.59 5.59 1.41 1.41 5.59-5.59 5.59 5.59 1.41-1.41-5.59-5.59z\"><\/path><path d=\"M0 0h24v24h-24z\" fill=\"none\"><\/path><\/svg>\n\t\t\t<span class=\"wt-cli-sr-only\">Fechar<\/span>\n\t\t  <\/button>\n\t\t  <div class=\"cli-modal-body\">\n\t\t\t<div class=\"cli-container-fluid cli-tab-container\">\n\t<div class=\"cli-row\">\n\t\t<div class=\"cli-col-12 cli-align-items-stretch cli-px-0\">\n\t\t\t<div class=\"cli-privacy-overview\">\n\t\t\t\t<h4>Vis\u00e3o geral de privacidade<\/h4>\t\t\t\t<div class=\"cli-privacy-content\">\n\t\t\t\t\t<div class=\"cli-privacy-content-text\">Este site usa cookies para melhorar a sua experi\u00eancia enquanto navega pelo site. Destes, os cookies que s\u00e3o categorizados como necess\u00e1rios s\u00e3o armazenados no seu navegador, pois s\u00e3o essenciais para o funcionamento das funcionalidades b\u00e1sicas do site. Tamb\u00e9m usamos cookies de terceiros que nos ajudam a analisar e entender como voc\u00ea usa este site. Esses cookies ser\u00e3o armazenados em seu navegador apenas com o seu consentimento. Voc\u00ea tamb\u00e9m tem a op\u00e7\u00e3o de cancelar esses cookies. Por\u00e9m, a desativa\u00e7\u00e3o de alguns desses cookies pode afetar sua experi\u00eancia de navega\u00e7\u00e3o.<\/div>\n\t\t\t\t<\/div>\n\t\t\t\t<a class=\"cli-privacy-readmore\" aria-label=\"Mostrar mais\" role=\"button\" data-readmore-text=\"Mostrar mais\" data-readless-text=\"Mostrar menos\"><\/a>\t\t\t<\/div>\n\t\t<\/div>\n\t\t<div class=\"cli-col-12 cli-align-items-stretch cli-px-0 cli-tab-section-container\">\n\t\t\t\t\t\t\t\t\t\t\t\t<div class=\"cli-tab-section\">\n\t\t\t\t\t\t<div class=\"cli-tab-header\">\n\t\t\t\t\t\t\t<a role=\"button\" tabindex=\"0\" class=\"cli-nav-link cli-settings-mobile\" data-target=\"funcional\" data-toggle=\"cli-toggle-tab\">\n\t\t\t\t\t\t\t\tFuncional\t\t\t\t\t\t\t<\/a>\n\t\t\t\t\t\t\t\t\t\t\t\t\t\t\t<div class=\"cli-switch\">\n\t\t\t\t\t\t\t\t\t<input type=\"checkbox\" id=\"wt-cli-checkbox-funcional\" class=\"cli-user-preference-checkbox\"  data-id=\"checkbox-funcional\" \/>\n\t\t\t\t\t\t\t\t\t<label for=\"wt-cli-checkbox-funcional\" class=\"cli-slider\" data-cli-enable=\"Ativado\" data-cli-disable=\"Desativado\"><span class=\"wt-cli-sr-only\">Funcional<\/span><\/label>\n\t\t\t\t\t\t\t\t<\/div>\n\t\t\t\t\t\t\t\t\t\t\t\t\t<\/div>\n\t\t\t\t\t\t<div class=\"cli-tab-content\">\n\t\t\t\t\t\t\t<div class=\"cli-tab-pane cli-fade\" data-id=\"funcional\">\n\t\t\t\t\t\t\t\t<div class=\"wt-cli-cookie-description\">\n\t\t\t\t\t\t\t\t\tOs cookies funcionais ajudam a realizar certas funcionalidades, como compartilhar o conte\u00fado do site em plataformas de m\u00eddia social, coletar feedbacks e outros recursos de terceiros.\r\n\t\t\t\t\t\t\t\t<\/div>\n\t\t\t\t\t\t\t<\/div>\n\t\t\t\t\t\t<\/div>\n\t\t\t\t\t<\/div>\n\t\t\t\t\t\t\t\t\t\t\t\t\t\t\t\t\t<div class=\"cli-tab-section\">\n\t\t\t\t\t\t<div class=\"cli-tab-header\">\n\t\t\t\t\t\t\t<a role=\"button\" tabindex=\"0\" class=\"cli-nav-link cli-settings-mobile\" data-target=\"performance\" data-toggle=\"cli-toggle-tab\">\n\t\t\t\t\t\t\t\tPerformance\t\t\t\t\t\t\t<\/a>\n\t\t\t\t\t\t\t\t\t\t\t\t\t\t\t<div class=\"cli-switch\">\n\t\t\t\t\t\t\t\t\t<input type=\"checkbox\" id=\"wt-cli-checkbox-performance\" class=\"cli-user-preference-checkbox\"  data-id=\"checkbox-performance\" \/>\n\t\t\t\t\t\t\t\t\t<label for=\"wt-cli-checkbox-performance\" class=\"cli-slider\" data-cli-enable=\"Ativado\" data-cli-disable=\"Desativado\"><span class=\"wt-cli-sr-only\">Performance<\/span><\/label>\n\t\t\t\t\t\t\t\t<\/div>\n\t\t\t\t\t\t\t\t\t\t\t\t\t<\/div>\n\t\t\t\t\t\t<div class=\"cli-tab-content\">\n\t\t\t\t\t\t\t<div class=\"cli-tab-pane cli-fade\" data-id=\"performance\">\n\t\t\t\t\t\t\t\t<div class=\"wt-cli-cookie-description\">\n\t\t\t\t\t\t\t\t\tOs cookies de desempenho s\u00e3o usados \u200b\u200bpara compreender e analisar os principais \u00edndices de desempenho do site, o que ajuda a fornecer uma melhor experi\u00eancia do usu\u00e1rio para os visitantes.\r\n\t\t\t\t\t\t\t\t<\/div>\n\t\t\t\t\t\t\t<\/div>\n\t\t\t\t\t\t<\/div>\n\t\t\t\t\t<\/div>\n\t\t\t\t\t\t\t\t\t\t\t\t\t\t\t\t\t<div class=\"cli-tab-section\">\n\t\t\t\t\t\t<div class=\"cli-tab-header\">\n\t\t\t\t\t\t\t<a role=\"button\" tabindex=\"0\" class=\"cli-nav-link cli-settings-mobile\" data-target=\"analytics\" data-toggle=\"cli-toggle-tab\">\n\t\t\t\t\t\t\t\tAnalytics\t\t\t\t\t\t\t<\/a>\n\t\t\t\t\t\t\t\t\t\t\t\t\t\t\t<div class=\"cli-switch\">\n\t\t\t\t\t\t\t\t\t<input type=\"checkbox\" id=\"wt-cli-checkbox-analytics\" class=\"cli-user-preference-checkbox\"  data-id=\"checkbox-analytics\" \/>\n\t\t\t\t\t\t\t\t\t<label for=\"wt-cli-checkbox-analytics\" class=\"cli-slider\" data-cli-enable=\"Ativado\" data-cli-disable=\"Desativado\"><span class=\"wt-cli-sr-only\">Analytics<\/span><\/label>\n\t\t\t\t\t\t\t\t<\/div>\n\t\t\t\t\t\t\t\t\t\t\t\t\t<\/div>\n\t\t\t\t\t\t<div class=\"cli-tab-content\">\n\t\t\t\t\t\t\t<div class=\"cli-tab-pane cli-fade\" data-id=\"analytics\">\n\t\t\t\t\t\t\t\t<div class=\"wt-cli-cookie-description\">\n\t\t\t\t\t\t\t\t\tCookies anal\u00edticos s\u00e3o usados \u200b\u200bpara entender como os visitantes interagem com o site. Esses cookies ajudam a fornecer informa\u00e7\u00f5es sobre as m\u00e9tricas do n\u00famero de visitantes, taxa de rejei\u00e7\u00e3o, origem do tr\u00e1fego, etc.\r\n\t\t\t\t\t\t\t\t<\/div>\n\t\t\t\t\t\t\t<\/div>\n\t\t\t\t\t\t<\/div>\n\t\t\t\t\t<\/div>\n\t\t\t\t\t\t\t\t\t\t\t\t\t\t\t\t\t<div class=\"cli-tab-section\">\n\t\t\t\t\t\t<div class=\"cli-tab-header\">\n\t\t\t\t\t\t\t<a role=\"button\" tabindex=\"0\" class=\"cli-nav-link cli-settings-mobile\" data-target=\"anuncios\" data-toggle=\"cli-toggle-tab\">\n\t\t\t\t\t\t\t\tAn\u00fancios\t\t\t\t\t\t\t<\/a>\n\t\t\t\t\t\t\t\t\t\t\t\t\t\t\t<div class=\"cli-switch\">\n\t\t\t\t\t\t\t\t\t<input type=\"checkbox\" id=\"wt-cli-checkbox-anuncios\" class=\"cli-user-preference-checkbox\"  data-id=\"checkbox-anuncios\" \/>\n\t\t\t\t\t\t\t\t\t<label for=\"wt-cli-checkbox-anuncios\" class=\"cli-slider\" data-cli-enable=\"Ativado\" data-cli-disable=\"Desativado\"><span class=\"wt-cli-sr-only\">An\u00fancios<\/span><\/label>\n\t\t\t\t\t\t\t\t<\/div>\n\t\t\t\t\t\t\t\t\t\t\t\t\t<\/div>\n\t\t\t\t\t\t<div class=\"cli-tab-content\">\n\t\t\t\t\t\t\t<div class=\"cli-tab-pane cli-fade\" data-id=\"anuncios\">\n\t\t\t\t\t\t\t\t<div class=\"wt-cli-cookie-description\">\n\t\t\t\t\t\t\t\t\tOs cookies de publicidade s\u00e3o usados \u200b\u200bpara fornecer aos visitantes an\u00fancios e campanhas de marketing relevantes. Esses cookies rastreiam visitantes em sites e coletam informa\u00e7\u00f5es para fornecer an\u00fancios personalizados.\r\n\t\t\t\t\t\t\t\t<\/div>\n\t\t\t\t\t\t\t<\/div>\n\t\t\t\t\t\t<\/div>\n\t\t\t\t\t<\/div>\n\t\t\t\t\t\t\t\t\t\t\t\t\t\t\t\t\t<div class=\"cli-tab-section\">\n\t\t\t\t\t\t<div class=\"cli-tab-header\">\n\t\t\t\t\t\t\t<a role=\"button\" tabindex=\"0\" class=\"cli-nav-link cli-settings-mobile\" data-target=\"outros\" data-toggle=\"cli-toggle-tab\">\n\t\t\t\t\t\t\t\tOutros\t\t\t\t\t\t\t<\/a>\n\t\t\t\t\t\t\t\t\t\t\t\t\t\t\t<div class=\"cli-switch\">\n\t\t\t\t\t\t\t\t\t<input type=\"checkbox\" id=\"wt-cli-checkbox-outros\" class=\"cli-user-preference-checkbox\"  data-id=\"checkbox-outros\" \/>\n\t\t\t\t\t\t\t\t\t<label for=\"wt-cli-checkbox-outros\" class=\"cli-slider\" data-cli-enable=\"Ativado\" data-cli-disable=\"Desativado\"><span class=\"wt-cli-sr-only\">Outros<\/span><\/label>\n\t\t\t\t\t\t\t\t<\/div>\n\t\t\t\t\t\t\t\t\t\t\t\t\t<\/div>\n\t\t\t\t\t\t<div class=\"cli-tab-content\">\n\t\t\t\t\t\t\t<div class=\"cli-tab-pane cli-fade\" data-id=\"outros\">\n\t\t\t\t\t\t\t\t<div class=\"wt-cli-cookie-description\">\n\t\t\t\t\t\t\t\t\tOutros cookies n\u00e3o categorizados s\u00e3o aqueles que est\u00e3o sendo analisados \u200b\u200be ainda n\u00e3o foram classificados em uma categoria.\r\n\t\t\t\t\t\t\t\t<\/div>\n\t\t\t\t\t\t\t<\/div>\n\t\t\t\t\t\t<\/div>\n\t\t\t\t\t<\/div>\n\t\t\t\t\t\t\t\t\t\t\t\t\t\t\t\t\t<div class=\"cli-tab-section\">\n\t\t\t\t\t\t<div class=\"cli-tab-header\">\n\t\t\t\t\t\t\t<a role=\"button\" tabindex=\"0\" class=\"cli-nav-link cli-settings-mobile\" data-target=\"necessario\" data-toggle=\"cli-toggle-tab\">\n\t\t\t\t\t\t\t\tNecess\u00e1rio\t\t\t\t\t\t\t<\/a>\n\t\t\t\t\t\t\t\t\t\t\t\t\t\t\t<div class=\"cli-switch\">\n\t\t\t\t\t\t\t\t\t<input type=\"checkbox\" id=\"wt-cli-checkbox-necessario\" class=\"cli-user-preference-checkbox\"  data-id=\"checkbox-necessario\" \/>\n\t\t\t\t\t\t\t\t\t<label for=\"wt-cli-checkbox-necessario\" class=\"cli-slider\" data-cli-enable=\"Ativado\" data-cli-disable=\"Desativado\"><span class=\"wt-cli-sr-only\">Necess\u00e1rio<\/span><\/label>\n\t\t\t\t\t\t\t\t<\/div>\n\t\t\t\t\t\t\t\t\t\t\t\t\t<\/div>\n\t\t\t\t\t\t<div class=\"cli-tab-content\">\n\t\t\t\t\t\t\t<div class=\"cli-tab-pane cli-fade\" data-id=\"necessario\">\n\t\t\t\t\t\t\t\t<div class=\"wt-cli-cookie-description\">\n\t\t\t\t\t\t\t\t\tOs cookies necess\u00e1rios s\u00e3o absolutamente essenciais para o funcionamento adequado do site. Esses cookies garantem funcionalidades b\u00e1sicas e recursos de seguran\u00e7a do site, de forma an\u00f4nima.\r\n\t\t\t\t\t\t\t\t<\/div>\n\t\t\t\t\t\t\t<\/div>\n\t\t\t\t\t\t<\/div>\n\t\t\t\t\t<\/div>\n\t\t\t\t\t\t\t\t\t\t<\/div>\n\t<\/div>\n<\/div>\n\t\t  <\/div>\n\t\t  <div class=\"cli-modal-footer\">\n\t\t\t<div class=\"wt-cli-element cli-container-fluid cli-tab-container\">\n\t\t\t\t<div class=\"cli-row\">\n\t\t\t\t\t<div class=\"cli-col-12 cli-align-items-stretch cli-px-0\">\n\t\t\t\t\t\t<div class=\"cli-tab-footer wt-cli-privacy-overview-actions\">\n\t\t\t\t\t\t\n\t\t\t\t\t\t\t\t\t\t\t\t\t\t\t<a id=\"wt-cli-privacy-save-btn\" role=\"button\" tabindex=\"0\" data-cli-action=\"accept\" class=\"wt-cli-privacy-btn cli_setting_save_button wt-cli-privacy-accept-btn cli-btn\">SALVAR E ACEITAR<\/a>\n\t\t\t\t\t\t\t\t\t\t\t\t\t<\/div>\n\t\t\t\t\t\t\t\t\t\t\t\t<div class=\"wt-cli-ckyes-footer-section\">\n\t\t\t\t\t\t\t<div class=\"wt-cli-ckyes-brand-logo\">Desenvolvido por <a href=\"https:\/\/www.cookieyes.com\/\"><img decoding=\"async\" src=\"https:\/\/higashi.com.br\/site\/wp-content\/plugins\/cookie-law-info\/legacy\/public\/images\/logo-cookieyes.svg\" alt=\"CookieYes Logo\"><\/a><\/div>\n\t\t\t\t\t\t<\/div>\n\t\t\t\t\t\t\n\t\t\t\t\t<\/div>\n\t\t\t\t<\/div>\n\t\t\t<\/div>\n\t\t<\/div>\n\t<\/div>\n  <\/div>\n<\/div>\n<div class=\"cli-modal-backdrop cli-fade cli-settings-overlay\"><\/div>\n<div class=\"cli-modal-backdrop cli-fade cli-popupbar-overlay\"><\/div>\n<!--googleon: all--><script type=\"text\/javascript\" src=\"https:\/\/higashi.com.br\/site\/wp-includes\/js\/jquery\/jquery.min.js?ver=3.7.1\" id=\"jquery-core-js\"><\/script>\n<script type=\"text\/javascript\" src=\"https:\/\/higashi.com.br\/site\/wp-includes\/js\/jquery\/jquery-migrate.min.js?ver=3.4.1\" id=\"jquery-migrate-js\"><\/script>\n<script><\/script>\n<\/body>\n<\/html>\n<p>&nbsp;<\/p>\n","protected":false},"excerpt":{"rendered":"<p>Licita\u00e7\u00f5es e Contratos Administrativos Entre os servi\u00e7os de consultoria realizados pela Higashi Advocacia est\u00e1 a amplaassessoria nos processos de contrata\u00e7\u00e3o p\u00fablica, tanto na fase licitat\u00f3ria comodurante a execu\u00e7\u00e3o do contrato. A Higashi Advocacia possui expertisenaatua\u00e7\u00e3odurante a fase de publicidade do edital de licita\u00e7\u00e3o, com a elabora\u00e7\u00e3ode impugna\u00e7\u00f5es e pedidos de esclarecimento ao ato convocat\u00f3rio, bem..<\/p>\n","protected":false},"author":1,"featured_media":0,"parent":0,"menu_order":0,"comment_status":"closed","ping_status":"closed","template":"","meta":{"_joinchat":[],"footnotes":"","_links_to":"","_links_to_target":""},"class_list":["post-294","page","type-page","status-publish","hentry"],"_links":{"self":[{"href":"https:\/\/higashi.com.br\/site\/wp-json\/wp\/v2\/pages\/294","targetHints":{"allow":["GET"]}}],"collection":[{"href":"https:\/\/higashi.com.br\/site\/wp-json\/wp\/v2\/pages"}],"about":[{"href":"https:\/\/higashi.com.br\/site\/wp-json\/wp\/v2\/types\/page"}],"author":[{"embeddable":true,"href":"https:\/\/higashi.com.br\/site\/wp-json\/wp\/v2\/users\/1"}],"replies":[{"embeddable":true,"href":"https:\/\/higashi.com.br\/site\/wp-json\/wp\/v2\/comments?post=294"}],"version-history":[{"count":5,"href":"https:\/\/higashi.com.br\/site\/wp-json\/wp\/v2\/pages\/294\/revisions"}],"predecessor-version":[{"id":444,"href":"https:\/\/higashi.com.br\/site\/wp-json\/wp\/v2\/pages\/294\/revisions\/444"}],"wp:attachment":[{"href":"https:\/\/higashi.com.br\/site\/wp-json\/wp\/v2\/media?parent=294"}],"curies":[{"name":"wp","href":"https:\/\/api.w.org\/{rel}","templated":true}]}}