{"id":289,"date":"2020-02-28T17:49:56","date_gmt":"2020-02-28T20:49:56","guid":{"rendered":"http:\/\/higashi.com.br\/site\/?page_id=289"},"modified":"2020-03-13T16:31:33","modified_gmt":"2020-03-13T19:31:33","slug":"compliance","status":"publish","type":"page","link":"https:\/\/higashi.com.br\/site\/compliance\/","title":{"rendered":"Compliance"},"content":{"rendered":"<div class=\"wpb-content-wrapper\">[vc_row][vc_column][vc_column_text]\u2022 Representa\u00e7\u00e3o de conselhos de administra\u00e7\u00e3o, comit\u00eas e empresas na condu\u00e7\u00e3o de investiga\u00e7\u00f5es internas de alega\u00e7\u00f5es de corrup\u00e7\u00e3o, fraude e outras condutas impr\u00f3prias;<br \/>\n\u2022 Avalia\u00e7\u00e3o das pr\u00e1ticas adotadas por clientes para confirmar se est\u00e3o de acordo com as leis, regulamentos e pol\u00edticas internas, bem como assessoria no desenvolvimento de procedimentos de integridade;<br \/>\n\u2022 Representa\u00e7\u00e3o de clientes em inqu\u00e9ritos administrativos e processos sancionadores;<br \/>\n\u2022 Representa\u00e7\u00e3o em negocia\u00e7\u00f5es de acordos de leni\u00eancia com autoridades governamentais;<br \/>\n\u2022 Representa\u00e7\u00e3o de clientes em casos anticorrup\u00e7\u00e3o;<br \/>\n\u2022 Desenvolvimento de programas de compliance e treinamentos;<br \/>\n\u2022 Avalia\u00e7\u00e3o de riscos criminais e representa\u00e7\u00e3o de empresas, executivos e empregados em investiga\u00e7\u00f5es e processos criminais, incluindo a negocia\u00e7\u00e3o de colabora\u00e7\u00f5es premiadas;<br \/>\n\u2022 Assessoria na avalia\u00e7\u00e3o de obriga\u00e7\u00f5es contratuais e de governan\u00e7a corporativa[\/vc_column_text][\/vc_column][\/vc_row][vc_row][vc_column][vc_separator][\/vc_column][\/vc_row]\n<div align=\"center\">&nbsp;<\/div>\n<div align=\"center\">&nbsp;<\/div>\n<div align=\"center\">FALE COM UM ADVOGADO<\/div>\n<div align=\"center\">&nbsp;<\/div>\n<div align=\"center\">\n<div class=\"wpcf7 no-js\" id=\"wpcf7-f96-o1\" lang=\"en-US\" dir=\"ltr\" data-wpcf7-id=\"96\">\n<div class=\"screen-reader-response\"><p role=\"status\" aria-live=\"polite\" aria-atomic=\"true\"><\/p> <ul><\/ul><\/div>\n<form action=\"\/site\/wp-json\/wp\/v2\/pages\/289#wpcf7-f96-o1\" method=\"post\" class=\"wpcf7-form init\" aria-label=\"Contact form\" novalidate=\"novalidate\" data-status=\"init\">\n<div style=\"display: none;\">\n<input type=\"hidden\" name=\"_wpcf7\" value=\"96\" \/>\n<input type=\"hidden\" name=\"_wpcf7_version\" value=\"6.0.6\" \/>\n<input type=\"hidden\" name=\"_wpcf7_locale\" value=\"en_US\" \/>\n<input type=\"hidden\" name=\"_wpcf7_unit_tag\" value=\"wpcf7-f96-o1\" \/>\n<input type=\"hidden\" name=\"_wpcf7_container_post\" value=\"0\" \/>\n<input type=\"hidden\" name=\"_wpcf7_posted_data_hash\" value=\"\" \/>\n<\/div>\n<div class=\"col-sm-4 col-md-4 col-lg-4\">\n\t<p><span class=\"wpcf7-form-control-wrap\" data-name=\"your-name\"><input size=\"40\" maxlength=\"400\" class=\"wpcf7-form-control wpcf7-text wpcf7-validates-as-required\" aria-required=\"true\" aria-invalid=\"false\" placeholder=\"Nome\" value=\"\" type=\"text\" name=\"your-name\" \/><\/span>\n\t<\/p>\n<\/div>\n<div class=\"col-sm-4 col-md-4 col-lg-4\">\n\t<p><span class=\"wpcf7-form-control-wrap\" data-name=\"your-email\"><input size=\"40\" maxlength=\"400\" class=\"wpcf7-form-control wpcf7-email wpcf7-validates-as-required wpcf7-text wpcf7-validates-as-email\" aria-required=\"true\" aria-invalid=\"false\" placeholder=\"E-mail\" value=\"\" type=\"email\" name=\"your-email\" \/><\/span>\n\t<\/p>\n<\/div>\n<div class=\"col-sm-4 col-md-4 col-lg-4\">\n\t<p><span class=\"wpcf7-form-control-wrap\" data-name=\"your-subject\"><input size=\"40\" maxlength=\"400\" class=\"wpcf7-form-control wpcf7-text\" aria-invalid=\"false\" placeholder=\"Assunto\" value=\"\" type=\"text\" name=\"your-subject\" \/><\/span>\n\t<\/p>\n<\/div>\n<div class=\"make-space\">\n\t<p><span class=\"wpcf7-form-control-wrap\" data-name=\"your-message\"><textarea cols=\"40\" rows=\"10\" maxlength=\"2000\" class=\"wpcf7-form-control wpcf7-textarea wpcf7-validates-as-required\" aria-required=\"true\" aria-invalid=\"false\" placeholder=\"Mensagem\" name=\"your-message\"><\/textarea><\/span>\n\t<\/p>\n<\/div>\n<div>\n\t<p><input class=\"wpcf7-form-control wpcf7-submit has-spinner\" type=\"submit\" value=\"Entrar em Contato\" \/>\n\t<\/p>\n<\/div><div class=\"wpcf7-response-output\" aria-hidden=\"true\"><\/div>\n<\/form>\n<\/div>\n<\/div>\n<\/div>","protected":false},"excerpt":{"rendered":"<p>[vc_row][vc_column][vc_column_text]\u2022 Representa\u00e7\u00e3o de conselhos de administra\u00e7\u00e3o, comit\u00eas e empresas na condu\u00e7\u00e3o de investiga\u00e7\u00f5es internas de alega\u00e7\u00f5es de corrup\u00e7\u00e3o, fraude e outras condutas impr\u00f3prias; \u2022 Avalia\u00e7\u00e3o das pr\u00e1ticas adotadas por clientes para confirmar se est\u00e3o de acordo com as leis, regulamentos e pol\u00edticas internas, bem como assessoria no desenvolvimento de procedimentos de integridade; \u2022 Representa\u00e7\u00e3o de..<\/p>\n","protected":false},"author":1,"featured_media":0,"parent":0,"menu_order":0,"comment_status":"closed","ping_status":"closed","template":"","meta":{"_joinchat":[],"footnotes":"","_links_to":"","_links_to_target":""},"class_list":["post-289","page","type-page","status-publish","hentry"],"_links":{"self":[{"href":"https:\/\/higashi.com.br\/site\/wp-json\/wp\/v2\/pages\/289","targetHints":{"allow":["GET"]}}],"collection":[{"href":"https:\/\/higashi.com.br\/site\/wp-json\/wp\/v2\/pages"}],"about":[{"href":"https:\/\/higashi.com.br\/site\/wp-json\/wp\/v2\/types\/page"}],"author":[{"embeddable":true,"href":"https:\/\/higashi.com.br\/site\/wp-json\/wp\/v2\/users\/1"}],"replies":[{"embeddable":true,"href":"https:\/\/higashi.com.br\/site\/wp-json\/wp\/v2\/comments?post=289"}],"version-history":[{"count":8,"href":"https:\/\/higashi.com.br\/site\/wp-json\/wp\/v2\/pages\/289\/revisions"}],"predecessor-version":[{"id":479,"href":"https:\/\/higashi.com.br\/site\/wp-json\/wp\/v2\/pages\/289\/revisions\/479"}],"wp:attachment":[{"href":"https:\/\/higashi.com.br\/site\/wp-json\/wp\/v2\/media?parent=289"}],"curies":[{"name":"wp","href":"https:\/\/api.w.org\/{rel}","templated":true}]}}