{"id":285,"date":"2020-02-28T17:44:49","date_gmt":"2020-02-28T20:44:49","guid":{"rendered":"http:\/\/higashi.com.br\/site\/?page_id=285"},"modified":"2020-03-13T16:32:12","modified_gmt":"2020-03-13T19:32:12","slug":"contencioso-civel-e-arbitragem","status":"publish","type":"page","link":"https:\/\/higashi.com.br\/site\/contencioso-civel-e-arbitragem\/","title":{"rendered":"Contencioso C\u00edvel e Arbitragem"},"content":{"rendered":"<p>Representa\u00e7\u00e3o dos clientes em procedimentos judiciais em primeira e segunda inst\u00e2ncias, tanto na Justi\u00e7a estadual quanto federal, e nos tribunais superiores, em procedimentos arbitrais ad hoc e sob as regras das principais institui\u00e7\u00f5es arbitrais brasileiras.Nossa pr\u00e1tica tem experi\u00eancia com disputas envolvendo direito do consumidor,direito banc\u00e1rio e financeiro, constru\u00e7\u00e3o, direito societ\u00e1rio, direito dos contratos,contratos administrativos, tecnologia da informa\u00e7\u00e3o, seguros, direito da sucess\u00e3o,loca\u00e7\u00e3o, imobili\u00e1rio e franquia.Providenciamos, ainda, pareceres, declara\u00e7\u00f5es e depoimentos sobre a aplicabilidade do Direito brasileiro ou interpreta\u00e7\u00e3o das nossas leis para procedimentos internacionais.Nossa pr\u00e1tica deriva do entendimento das necessidades dos neg\u00f3cios de nossos clientes, de modo a prover servi\u00e7os jur\u00eddicos sob medida. N\u00f3s acreditamos que a qualidade e abrang\u00eancia de nossos servi\u00e7os permitem aos nossos clientes adquirir uma vantagem competitiva no ambiente comercial vol\u00e1til dos dias atuais.Al\u00e9m da atua\u00e7\u00e3o no contencioso, tamb\u00e9m assessoramos nossos clientes na fase pr\u00e9-contenciosa, oferecendo alternativas para impedir a\u00e7\u00f5es administrativas e judiciais, e a negociar com o Minist\u00e9rio P\u00fablico e autoridades reguladoras brasileiras visando acordos administrativos.<\/p>\n<div align=\"center\">&nbsp;<\/div>\n<div align=\"center\">&nbsp;<\/div>\n<div align=\"center\">FALE COM UM ADVOGADO<\/div>\n<div align=\"center\">&nbsp;<\/div>\n<div align=\"center\">\n<div class=\"wpcf7 no-js\" id=\"wpcf7-f96-o1\" lang=\"en-US\" dir=\"ltr\" data-wpcf7-id=\"96\">\n<div class=\"screen-reader-response\"><p role=\"status\" aria-live=\"polite\" aria-atomic=\"true\"><\/p> <ul><\/ul><\/div>\n<form action=\"\/site\/wp-json\/wp\/v2\/pages\/285#wpcf7-f96-o1\" method=\"post\" class=\"wpcf7-form init\" aria-label=\"Contact form\" novalidate=\"novalidate\" data-status=\"init\">\n<div style=\"display: none;\">\n<input type=\"hidden\" name=\"_wpcf7\" value=\"96\" \/>\n<input type=\"hidden\" name=\"_wpcf7_version\" value=\"6.0.6\" \/>\n<input type=\"hidden\" name=\"_wpcf7_locale\" value=\"en_US\" \/>\n<input type=\"hidden\" name=\"_wpcf7_unit_tag\" value=\"wpcf7-f96-o1\" \/>\n<input type=\"hidden\" name=\"_wpcf7_container_post\" value=\"0\" \/>\n<input type=\"hidden\" name=\"_wpcf7_posted_data_hash\" value=\"\" \/>\n<\/div>\n<div class=\"col-sm-4 col-md-4 col-lg-4\">\n\t<p><span class=\"wpcf7-form-control-wrap\" data-name=\"your-name\"><input size=\"40\" maxlength=\"400\" class=\"wpcf7-form-control wpcf7-text wpcf7-validates-as-required\" aria-required=\"true\" aria-invalid=\"false\" placeholder=\"Nome\" value=\"\" type=\"text\" name=\"your-name\" \/><\/span>\n\t<\/p>\n<\/div>\n<div class=\"col-sm-4 col-md-4 col-lg-4\">\n\t<p><span class=\"wpcf7-form-control-wrap\" data-name=\"your-email\"><input size=\"40\" maxlength=\"400\" class=\"wpcf7-form-control wpcf7-email wpcf7-validates-as-required wpcf7-text wpcf7-validates-as-email\" aria-required=\"true\" aria-invalid=\"false\" placeholder=\"E-mail\" value=\"\" type=\"email\" name=\"your-email\" \/><\/span>\n\t<\/p>\n<\/div>\n<div class=\"col-sm-4 col-md-4 col-lg-4\">\n\t<p><span class=\"wpcf7-form-control-wrap\" data-name=\"your-subject\"><input size=\"40\" maxlength=\"400\" class=\"wpcf7-form-control wpcf7-text\" aria-invalid=\"false\" placeholder=\"Assunto\" value=\"\" type=\"text\" name=\"your-subject\" \/><\/span>\n\t<\/p>\n<\/div>\n<div class=\"make-space\">\n\t<p><span class=\"wpcf7-form-control-wrap\" data-name=\"your-message\"><textarea cols=\"40\" rows=\"10\" maxlength=\"2000\" class=\"wpcf7-form-control wpcf7-textarea wpcf7-validates-as-required\" aria-required=\"true\" aria-invalid=\"false\" placeholder=\"Mensagem\" name=\"your-message\"><\/textarea><\/span>\n\t<\/p>\n<\/div>\n<div>\n\t<p><input class=\"wpcf7-form-control wpcf7-submit has-spinner\" type=\"submit\" value=\"Entrar em Contato\" \/>\n\t<\/p>\n<\/div><div class=\"wpcf7-response-output\" aria-hidden=\"true\"><\/div>\n<\/form>\n<\/div>\n<\/div>\n","protected":false},"excerpt":{"rendered":"<p>Representa\u00e7\u00e3o dos clientes em procedimentos judiciais em primeira e segunda inst\u00e2ncias, tanto na Justi\u00e7a estadual quanto federal, e nos tribunais superiores, em procedimentos arbitrais ad hoc e sob as regras das principais institui\u00e7\u00f5es arbitrais brasileiras.Nossa pr\u00e1tica tem experi\u00eancia com disputas envolvendo direito do consumidor,direito banc\u00e1rio e financeiro, constru\u00e7\u00e3o, direito societ\u00e1rio, direito dos contratos,contratos administrativos, tecnologia..<\/p>\n","protected":false},"author":1,"featured_media":0,"parent":0,"menu_order":0,"comment_status":"closed","ping_status":"closed","template":"","meta":{"_joinchat":[],"footnotes":"","_links_to":"","_links_to_target":""},"class_list":["post-285","page","type-page","status-publish","hentry"],"_links":{"self":[{"href":"https:\/\/higashi.com.br\/site\/wp-json\/wp\/v2\/pages\/285","targetHints":{"allow":["GET"]}}],"collection":[{"href":"https:\/\/higashi.com.br\/site\/wp-json\/wp\/v2\/pages"}],"about":[{"href":"https:\/\/higashi.com.br\/site\/wp-json\/wp\/v2\/types\/page"}],"author":[{"embeddable":true,"href":"https:\/\/higashi.com.br\/site\/wp-json\/wp\/v2\/users\/1"}],"replies":[{"embeddable":true,"href":"https:\/\/higashi.com.br\/site\/wp-json\/wp\/v2\/comments?post=285"}],"version-history":[{"count":4,"href":"https:\/\/higashi.com.br\/site\/wp-json\/wp\/v2\/pages\/285\/revisions"}],"predecessor-version":[{"id":481,"href":"https:\/\/higashi.com.br\/site\/wp-json\/wp\/v2\/pages\/285\/revisions\/481"}],"wp:attachment":[{"href":"https:\/\/higashi.com.br\/site\/wp-json\/wp\/v2\/media?parent=285"}],"curies":[{"name":"wp","href":"https:\/\/api.w.org\/{rel}","templated":true}]}}